{"id":108,"date":"2016-10-28T16:24:41","date_gmt":"2016-10-28T14:24:41","guid":{"rendered":"http:\/\/www.fuglister-org.ch\/?page_id=108&#038;lang=de"},"modified":"2022-10-11T15:29:57","modified_gmt":"2022-10-11T13:29:57","slug":"unternehmen","status":"publish","type":"page","link":"https:\/\/fuglister.ivimedia.website\/de\/unternehmen\/","title":{"rendered":"Unternehmen"},"content":{"rendered":"<p>[vc_row][vc_column]<\/p>\n<p>[rev_slider_vc alias=&#8220;accueil&#8220;][vc_separator color=&#8220;black&#8220; border_width=&#8220;2&#8243;]<\/p>\n<p>[\/vc_column][\/vc_row][vc_row][vc_column width=&#8220;3\/6&#8243;][vc_column_text el_class=&#8220;titre&#8220;]<\/p>\n<p>EINZIGARTIGES KNOW-HOW<\/p>\n<p>[\/vc_column_text][vc_column_text el_class=&#8220;titre_mini&#8220;]<\/p>\n<p style=\"text-align: left; line-height: 1.2;\" data-mce-style=\"text-align: left; line-height: 1.2;\">Die 1960 von Hans-Jakob F\u00fcglister gegr\u00fcndete und 2006 von seiner Tochter Annette F\u00fcglister Sermier \u00fcbernommene Orgelmanufaktur F\u00fcglister hat ihren Hauptsitz in Arbaz im Wallis (Schweiz).<\/p>\n<p>[\/vc_column_text][vc_column_text]<\/p>\n<p>Seit mehreren Jahrzehnten geniesst unser Familienunternehmen einen ausgezeichneten nationalen und internationalen Ruf f\u00fcr die Restaurierung alter Instrumente sowie f\u00fcr den Bau neuer Orgeln. Es ist kein Zufall, dass wir es in der Region der Schweiz angesiedelt haben, die am reichsten mit historischen Orgeln ausgestattet ist!<\/p>\n<p>Im Jahr 2004 hatten wir die Ehre, die Orgel der Basilika von Val\u00e8re in Sion (Schweiz) zu restaurieren, die die \u00e4lteste spielbare Orgel der Welt ist!<\/p>\n<p>Derzeit umfasst unsere T\u00e4tigkeit die Restaurierung von etwa 100 historischen und ebenso vielen neuen Orgeln, die in der ganzen Schweiz aufgestellt sind.<\/p>\n<p>[\/vc_column_text][\/vc_column][vc_column width=&#8220;1\/6&#8243;][\/vc_column][vc_column width=&#8220;2\/6&#8243;][vc_column_text]<\/p>\n<h2>KONTAKTIEREN SIE UNS<\/h2>\n<hr>\n<p>Manufacture d&#8217;orgues F\u00fcglister S\u00e0rl<br \/>Orgelbau F\u00fcglister GmbH<br \/>Case postale 128<br \/>CH-1971 Grimisuat<\/p>\n<p>T\u00e9l. +41 27 398 24 36<br \/><a href=\"mailto:info@fuglister-org.ch\" data-mce-href=\"mailto:info@fuglister-org.ch\">info@fuglister-org.ch<\/a><\/p>\n<p>[\/vc_column_text][vc_widget_sidebar sidebar_id=&#8220;offcanvas-sidebar&#8220;][\/vc_column][\/vc_row][vc_row][vc_column width=&#8220;6\/12&#8243;][vc_column_text]<\/p>\n<p>Wir beherrschen den gesamten Prozess der Restaurierung von Instrumenten. Bei Bedarf stellen wir besch\u00e4digte oder zu ersetzende Teile her. Es ist ein echtes Privileg, v\u00f6llig selbstst\u00e4ndig zu sein und unseren Kunden diesen Mehrwert bieten zu k\u00f6nnen.<\/p>\n<p>Wir legen besonderen Wert auf das Know-how unserer Mitarbeiterinnen und Mitarbeiter, sei es in den Bereichen Mechanik, Tischlerei, Lederverarbeitung oder auch Intonation und Stimmung. Diese Qualit\u00e4ten sind die Garantie f\u00fcr die Exzellenz unserer Dienstleistungen.<\/p>\n<p>Unsere Projekte finden Sie unter Orgeln.<\/p>\n<p>Zu den Errungenschaften der Orgelmanufaktur F\u00fcglister geh\u00f6ren unter anderem:<\/p>\n<p>[\/vc_column_text][vc_column_text]<\/p>\n<ul>\n<li style=\"text-align: left;\" data-mce-style=\"text-align: left;\">Orgelneubauten: 2007 Bau eines neuen Instruments in Kagoshima (Japan), 2001 die Pasquart-Orgel in Biel, 1994 die Orgel der Kollegiumskirche in Brig&#8230;<br \/>Restaurierung der Orgeln in Basel (Museum f\u00fcr historische Instrumente), Biel, Bosco Gurin, K\u00f6niz, Martigny-Ville, Morcote, M\u00fcnster, Reckingen (Pfarrkirche und Kapelle des Heiligen Antonius), Saint-Ursanne, Stans, Val\u00e8re und Vouvry&#8230;<\/li>\n<\/ul>\n<p>[\/vc_column_text][\/vc_column][\/vc_row]<\/p>\n","protected":false},"excerpt":{"rendered":"<p>[vc_row][vc_column] [rev_slider_vc alias=&#8220;accueil&#8220;][vc_separator color=&#8220;black&#8220; border_width=&#8220;2&#8243;] [\/vc_column][\/vc_row][vc_row][vc_column width=&#8220;3\/6&#8243;][vc_column_text el_class=&#8220;titre&#8220;] EINZIGARTIGES KNOW-HOW [\/vc_column_text][vc_column_text el_class=&#8220;titre_mini&#8220;] Die 1960 von Hans-Jakob F\u00fcglister gegr\u00fcndete&#8230;<\/p>\n","protected":false},"author":1,"featured_media":0,"parent":0,"menu_order":0,"comment_status":"closed","ping_status":"closed","template":"","meta":{"_monsterinsights_skip_tracking":false,"_monsterinsights_sitenote_active":false,"_monsterinsights_sitenote_note":"","_monsterinsights_sitenote_category":0},"yoast_head":"<!-- This site is optimized with the Yoast SEO plugin v18.1 - https:\/\/yoast.com\/wordpress\/plugins\/seo\/ -->\n<meta name=\"description\" content=\"Unsere Firma genie\u00dft einen nationalen und internationalen Ruf f\u00fcr die Restaurierung alter Instrumente und den Bau neuer Orgeln.\" \/>\n<meta name=\"robots\" content=\"noindex, follow, max-snippet:-1, max-image-preview:large, max-video-preview:-1\" \/>\n<meta property=\"og:locale\" content=\"de_DE\" \/>\n<meta property=\"og:type\" content=\"article\" \/>\n<meta property=\"og:title\" content=\"Unternehmen - Orgelbau F\u00fcglister\" \/>\n<meta property=\"og:description\" content=\"Unsere Firma genie\u00dft einen nationalen und internationalen Ruf f\u00fcr die Restaurierung alter Instrumente und den Bau neuer Orgeln.\" \/>\n<meta property=\"og:url\" content=\"https:\/\/fuglister.ivimedia.website\/de\/unternehmen\/\" \/>\n<meta property=\"og:site_name\" content=\"Orgelbau F\u00fcglister\" \/>\n<meta property=\"article:modified_time\" content=\"2022-10-11T13:29:57+00:00\" \/>\n<meta name=\"twitter:card\" content=\"summary\" \/>\n<meta name=\"twitter:label1\" content=\"Gesch\u00e4tzte Lesezeit\" \/>\n\t<meta name=\"twitter:data1\" content=\"2\u00a0Minuten\" \/>\n<script type=\"application\/ld+json\" class=\"yoast-schema-graph\">{\"@context\":\"https:\/\/schema.org\",\"@graph\":[{\"@type\":\"WebSite\",\"@id\":\"https:\/\/fuglister.ivimedia.website\/#website\",\"url\":\"https:\/\/fuglister.ivimedia.website\/\",\"name\":\"Orgelbau F\u00fcglister\",\"description\":\"\",\"potentialAction\":[{\"@type\":\"SearchAction\",\"target\":{\"@type\":\"EntryPoint\",\"urlTemplate\":\"https:\/\/fuglister.ivimedia.website\/?s={search_term_string}\"},\"query-input\":\"required name=search_term_string\"}],\"inLanguage\":\"de\"},{\"@type\":\"WebPage\",\"@id\":\"https:\/\/fuglister.ivimedia.website\/de\/unternehmen\/#webpage\",\"url\":\"https:\/\/fuglister.ivimedia.website\/de\/unternehmen\/\",\"name\":\"Unternehmen - Orgelbau F\u00fcglister\",\"isPartOf\":{\"@id\":\"https:\/\/fuglister.ivimedia.website\/#website\"},\"datePublished\":\"2016-10-28T14:24:41+00:00\",\"dateModified\":\"2022-10-11T13:29:57+00:00\",\"description\":\"Unsere Firma genie\u00dft einen nationalen und internationalen Ruf f\u00fcr die Restaurierung alter Instrumente und den Bau neuer Orgeln.\",\"breadcrumb\":{\"@id\":\"https:\/\/fuglister.ivimedia.website\/de\/unternehmen\/#breadcrumb\"},\"inLanguage\":\"de\",\"potentialAction\":[{\"@type\":\"ReadAction\",\"target\":[\"https:\/\/fuglister.ivimedia.website\/de\/unternehmen\/\"]}]},{\"@type\":\"BreadcrumbList\",\"@id\":\"https:\/\/fuglister.ivimedia.website\/de\/unternehmen\/#breadcrumb\",\"itemListElement\":[{\"@type\":\"ListItem\",\"position\":1,\"name\":\"Accueil\",\"item\":\"https:\/\/fuglister.ivimedia.website\/de\/\"},{\"@type\":\"ListItem\",\"position\":2,\"name\":\"Unternehmen\"}]}]}<\/script>\n<!-- \/ Yoast SEO plugin. -->","yoast_head_json":{"description":"Unsere Firma genie\u00dft einen nationalen und internationalen Ruf f\u00fcr die Restaurierung alter Instrumente und den Bau neuer Orgeln.","robots":{"index":"noindex","follow":"follow","max-snippet":"max-snippet:-1","max-image-preview":"max-image-preview:large","max-video-preview":"max-video-preview:-1"},"og_locale":"de_DE","og_type":"article","og_title":"Unternehmen - Orgelbau F\u00fcglister","og_description":"Unsere Firma genie\u00dft einen nationalen und internationalen Ruf f\u00fcr die Restaurierung alter Instrumente und den Bau neuer Orgeln.","og_url":"https:\/\/fuglister.ivimedia.website\/de\/unternehmen\/","og_site_name":"Orgelbau F\u00fcglister","article_modified_time":"2022-10-11T13:29:57+00:00","twitter_card":"summary","twitter_misc":{"Gesch\u00e4tzte Lesezeit":"2\u00a0Minuten"},"schema":{"@context":"https:\/\/schema.org","@graph":[{"@type":"WebSite","@id":"https:\/\/fuglister.ivimedia.website\/#website","url":"https:\/\/fuglister.ivimedia.website\/","name":"Orgelbau F\u00fcglister","description":"","potentialAction":[{"@type":"SearchAction","target":{"@type":"EntryPoint","urlTemplate":"https:\/\/fuglister.ivimedia.website\/?s={search_term_string}"},"query-input":"required name=search_term_string"}],"inLanguage":"de"},{"@type":"WebPage","@id":"https:\/\/fuglister.ivimedia.website\/de\/unternehmen\/#webpage","url":"https:\/\/fuglister.ivimedia.website\/de\/unternehmen\/","name":"Unternehmen - Orgelbau F\u00fcglister","isPartOf":{"@id":"https:\/\/fuglister.ivimedia.website\/#website"},"datePublished":"2016-10-28T14:24:41+00:00","dateModified":"2022-10-11T13:29:57+00:00","description":"Unsere Firma genie\u00dft einen nationalen und internationalen Ruf f\u00fcr die Restaurierung alter Instrumente und den Bau neuer Orgeln.","breadcrumb":{"@id":"https:\/\/fuglister.ivimedia.website\/de\/unternehmen\/#breadcrumb"},"inLanguage":"de","potentialAction":[{"@type":"ReadAction","target":["https:\/\/fuglister.ivimedia.website\/de\/unternehmen\/"]}]},{"@type":"BreadcrumbList","@id":"https:\/\/fuglister.ivimedia.website\/de\/unternehmen\/#breadcrumb","itemListElement":[{"@type":"ListItem","position":1,"name":"Accueil","item":"https:\/\/fuglister.ivimedia.website\/de\/"},{"@type":"ListItem","position":2,"name":"Unternehmen"}]}]}},"_links":{"self":[{"href":"https:\/\/fuglister.ivimedia.website\/de\/wp-json\/wp\/v2\/pages\/108"}],"collection":[{"href":"https:\/\/fuglister.ivimedia.website\/de\/wp-json\/wp\/v2\/pages"}],"about":[{"href":"https:\/\/fuglister.ivimedia.website\/de\/wp-json\/wp\/v2\/types\/page"}],"author":[{"embeddable":true,"href":"https:\/\/fuglister.ivimedia.website\/de\/wp-json\/wp\/v2\/users\/1"}],"replies":[{"embeddable":true,"href":"https:\/\/fuglister.ivimedia.website\/de\/wp-json\/wp\/v2\/comments?post=108"}],"version-history":[{"count":29,"href":"https:\/\/fuglister.ivimedia.website\/de\/wp-json\/wp\/v2\/pages\/108\/revisions"}],"predecessor-version":[{"id":2522,"href":"https:\/\/fuglister.ivimedia.website\/de\/wp-json\/wp\/v2\/pages\/108\/revisions\/2522"}],"wp:attachment":[{"href":"https:\/\/fuglister.ivimedia.website\/de\/wp-json\/wp\/v2\/media?parent=108"}],"curies":[{"name":"wp","href":"https:\/\/api.w.org\/{rel}","templated":true}]}}