{"id":114,"date":"2016-10-28T16:39:42","date_gmt":"2016-10-28T14:39:42","guid":{"rendered":"http:\/\/www.fuglister-org.ch\/?page_id=114&#038;lang=de"},"modified":"2021-08-12T11:26:43","modified_gmt":"2021-08-12T09:26:43","slug":"weblinks","status":"publish","type":"page","link":"https:\/\/fuglister.ivimedia.website\/de\/weblinks\/","title":{"rendered":"Weblinks"},"content":{"rendered":"<p>[vc_row][vc_column][rev_slider_vc alias=&#8220;accueil&#8220;][\/vc_column][\/vc_row][vc_row][vc_column][vc_separator color=&#8220;black&#8220; border_width=&#8220;2&#8243;][\/vc_column][\/vc_row][vc_row][vc_column width=&#8220;3\/6&#8243;][vc_column_text el_class=&#8220;titre&#8220;]LINKS[\/vc_column_text][vc_column_text]<\/p>\n<p>Fernsehshow &#8222;Carrefour&#8220; vom 20. M\u00e4rz 1964<\/p>\n<article>\n<div class=\"col-2-4\">\n<div class=\"rts-module-info-content-item\"><\/div>\n<\/div>\n<\/article>\n<p>[\/vc_column_text][vc_raw_html]PGlmcmFtZSBzcmM9Jy8vdHAuc3Jnc3NyLmNoL3Avc3JmL2VtYmVkP3Vybj11cm46cnRzOnZpZGVvOjc2ODY4NzYmc3RhcnQ9JyBhbGxvd2Z1bGxzY3JlZW4gd2lkdGg9JzYyNCcgaGVpZ2h0PSczNTEnIGZyYW1lYm9yZGVyPScwJyBuYW1lPSdGYWN0ZXVyIGQnb3JndWVzJz48L2lmcmFtZT4=[\/vc_raw_html][vc_column_text]<\/p>\n<div id=\"tw-target-text-container\" class=\"tw-ta-container tw-nfl\">\n<p id=\"tw-target-text\" class=\"tw-data-text tw-text-large tw-ta\" dir=\"ltr\" data-placeholder=\"Traduction\"><span lang=\"de\" tabindex=\"0\">Feenhafte Finger gestalten, formen und planen. 1964 ging Carrefour in die Orgelfabrik von Hans-Jakob F\u00fcglister, K\u00fcnstler und Handwerker. Da es f\u00fcr einen guten Orgelbauer nicht ausreicht, zu wissen, wie man Zimmerei betreibt, muss man auch eine absolute Tonh\u00f6he haben. All diese Eigenschaften erm\u00f6glichen es dem Meister, ein einziges Instrument herzustellen.<\/span><\/p>\n<\/div>\n<article>\n<table>\n<tbody>\n<tr>\n<th>Journalist:<\/th>\n<td>Andr\u00e9 Blanchoud<\/td>\n<\/tr>\n<\/tbody>\n<\/table>\n<\/article>\n<p>[\/vc_column_text][vc_column_text]<\/p>\n<div id=\"tw-target-text-container\" class=\"tw-ta-container tw-nfl\">\n<p id=\"tw-target-text\" class=\"tw-data-text tw-text-large tw-ta\" dir=\"ltr\" data-placeholder=\"Traduction\"><span lang=\"de\" tabindex=\"0\">Fernsehshow<\/span>\u00a0&#8222;Passe-moi les jumelles&#8220; vom 7. April 2010:<\/p>\n<\/div>\n<p>[\/vc_column_text][vc_raw_html]PGlmcmFtZSBzcmM9Jy8vdHAuc3Jnc3NyLmNoL3AvcnRzL2VtYmVkP3Vybj11cm46cnRzOnZpZGVvOjE3NjM2ODgmc3RhcnQ9JyBhbGxvd2Z1bGxzY3JlZW49J2FsbG93ZnVsbHNjcmVlbicgcmVmZXJyZXJwb2xpY3k9J25vLXJlZmVycmVyLXdoZW4tZG93bmdyYWRlJyBmcmFtZWJvcmRlcj0nMCcgbmFtZT0nUGFzc2UtbW9pIGxlcyBqdW1lbGxlcyc+PC9pZnJhbWU+[\/vc_raw_html][vc_raw_js]JTNDc2NyaXB0JTIwdHlwZSUzRCUyMnRleHQlMkZqYXZhc2NyaXB0JTIyJTNFJTBBalF1ZXJ5JTI4JTI3ZG9jdW1lbnQlMjclMjkucmVhZHklMjhmdW5jdGlvbiUyOCUyOSU3QiUwQSUyMCUyMCUyMHJlc2l6ZWlGcmFtZSUyOCUyOSUzQiUwQSU3RCUyOSUzQiUwQSUwQWpRdWVyeSUyOCUyN3dpbmRvdyUyNyUyOS5yZXNpemUlMjhmdW5jdGlvbiUyOCUyOSU3QiUwQSUyMCUyMCUyMHJlc2l6ZWlGcmFtZSUyOCUyOSUzQiUwQSU3RCUyOSUzQiUwQSUwQWZ1bmN0aW9uJTIwcmVzaXplaUZyYW1lJTI4JTI5JTdCJTBBJTIwJTIwJTIwdmFyJTIwd2lkdGglMjAlM0QlMjBqUXVlcnklMjglMjdpZnJhbWUlMjclMjkud2lkdGglMjglMjklM0IlMEElMjAlMjAlMjB2YXIlMjBoZWlnaHQlMjAlM0QlMjBqUXVlcnklMjglMjdpZnJhbWUlMjclMjkuaGVpZ2h0JTI4JTI5JTNCJTBBJTIwJTIwJTIwalF1ZXJ5JTI4JTI3aWZyYW1lJTI3JTI5LndpZHRoJTI4JTIyMTAwJTI1JTIyJTI5JTNCJTBBJTIwJTIwJTIwdmFyJTIwbmV3V2lkdGglMjAlM0QlMjBqUXVlcnklMjglMjdpZnJhbWUlMjclMjkud2lkdGglMjglMjklM0IlMEElMjAlMjAlMjBqUXVlcnklMjglMjdpZnJhbWUlMjclMjkuaGVpZ2h0JTI4aGVpZ2h0JTIwJTJBJTIwbmV3V2lkdGglMkZ3aWR0aCUyOSUzQiUwQSU3RCUwQSUzQyUyRnNjcmlwdCUzRQ==[\/vc_raw_js][\/vc_column][vc_column width=&#8220;1\/6&#8243;][\/vc_column][vc_column width=&#8220;2\/6&#8243;][vc_column_text]<\/p>\n<div id=\"tw-target-text-container\" class=\"tw-ta-container tw-nfl\">\n<div id=\"tw-smenu\" class=\"tw-menu\">\n<h2>KONTAKT<\/h2>\n<\/div>\n<div id=\"tw-target\">\n<div id=\"kAz1tf\" class=\"g9WsWb\">\n<div id=\"tw-target-text-container\" class=\"tw-ta-container tw-nfl\">\n<p id=\"tw-target-text\" class=\"tw-data-text tw-text-large tw-ta\" dir=\"ltr\" data-placeholder=\"Traduction\"><span lang=\"de\" tabindex=\"0\">F\u00fcglister S\u00e0rl Orgelbauer<br \/>\n<\/span><span lang=\"de\" tabindex=\"0\">Orgelbau F\u00fcglister GmbH<br \/>\n<\/span><span lang=\"de\" tabindex=\"0\">CH-1971 Grimisuat\u00a0<\/span><br \/>\nCase postale 128<\/p>\n<\/div>\n<\/div>\n<\/div>\n<\/div>\n<p id=\"z6maec\" class=\"tw-ta-container tw-nfl\">Tel. +41 27 398 24 36<br \/>\n<a href=\"mailto:info@fuglister-org.ch\">info@fuglister-org.ch<\/a><\/p>\n<p>[\/vc_column_text][vc_widget_sidebar sidebar_id=&#8220;offcanvas-sidebar&#8220;][\/vc_column][\/vc_row]<\/p>\n","protected":false},"excerpt":{"rendered":"<p>[vc_row][vc_column][rev_slider_vc alias=&#8220;accueil&#8220;][\/vc_column][\/vc_row][vc_row][vc_column][vc_separator color=&#8220;black&#8220; border_width=&#8220;2&#8243;][\/vc_column][\/vc_row][vc_row][vc_column width=&#8220;3\/6&#8243;][vc_column_text el_class=&#8220;titre&#8220;]LINKS[\/vc_column_text][vc_column_text] Fernsehshow &#8222;Carrefour&#8220; vom 20. M\u00e4rz 1964 [\/vc_column_text][vc_raw_html]PGlmcmFtZSBzcmM9Jy8vdHAuc3Jnc3NyLmNoL3Avc3JmL2VtYmVkP3Vybj11cm46cnRzOnZpZGVvOjc2ODY4NzYmc3RhcnQ9JyBhbGxvd2Z1bGxzY3JlZW4gd2lkdGg9JzYyNCcgaGVpZ2h0PSczNTEnIGZyYW1lYm9yZGVyPScwJyBuYW1lPSdGYWN0ZXVyIGQnb3JndWVzJz48L2lmcmFtZT4=[\/vc_raw_html][vc_column_text] Feenhafte Finger gestalten, formen und&#8230;<\/p>\n","protected":false},"author":1,"featured_media":0,"parent":0,"menu_order":0,"comment_status":"closed","ping_status":"closed","template":"","meta":{"_monsterinsights_skip_tracking":false,"_monsterinsights_sitenote_active":false,"_monsterinsights_sitenote_note":"","_monsterinsights_sitenote_category":0},"yoast_head":"<!-- This site is optimized with the Yoast SEO plugin v18.1 - https:\/\/yoast.com\/wordpress\/plugins\/seo\/ -->\n<meta name=\"description\" content=\"Links - Fairy Finger Mode, Form und Plan. 1964 ging Carrefour in die Orgelfabrik von Hans-Jakob F\u00fcglister.\" \/>\n<meta name=\"robots\" content=\"noindex, follow, max-snippet:-1, max-image-preview:large, max-video-preview:-1\" \/>\n<meta property=\"og:locale\" content=\"de_DE\" \/>\n<meta property=\"og:type\" content=\"article\" \/>\n<meta property=\"og:title\" content=\"Links - Orgelbau F\u00fcglister\" \/>\n<meta property=\"og:description\" content=\"Links - Fairy Finger Mode, Form und Plan. 1964 ging Carrefour in die Orgelfabrik von Hans-Jakob F\u00fcglister.\" \/>\n<meta property=\"og:url\" content=\"https:\/\/fuglister.ivimedia.website\/de\/weblinks\/\" \/>\n<meta property=\"og:site_name\" content=\"Orgelbau F\u00fcglister\" \/>\n<meta property=\"article:modified_time\" content=\"2021-08-12T09:26:43+00:00\" \/>\n<meta name=\"twitter:card\" content=\"summary\" \/>\n<meta name=\"twitter:label1\" content=\"Gesch\u00e4tzte Lesezeit\" \/>\n\t<meta name=\"twitter:data1\" content=\"2\u00a0Minuten\" \/>\n<script type=\"application\/ld+json\" class=\"yoast-schema-graph\">{\"@context\":\"https:\/\/schema.org\",\"@graph\":[{\"@type\":\"WebSite\",\"@id\":\"https:\/\/fuglister.ivimedia.website\/#website\",\"url\":\"https:\/\/fuglister.ivimedia.website\/\",\"name\":\"Orgelbau F\u00fcglister\",\"description\":\"\",\"potentialAction\":[{\"@type\":\"SearchAction\",\"target\":{\"@type\":\"EntryPoint\",\"urlTemplate\":\"https:\/\/fuglister.ivimedia.website\/?s={search_term_string}\"},\"query-input\":\"required name=search_term_string\"}],\"inLanguage\":\"de\"},{\"@type\":\"WebPage\",\"@id\":\"https:\/\/fuglister.ivimedia.website\/de\/weblinks\/#webpage\",\"url\":\"https:\/\/fuglister.ivimedia.website\/de\/weblinks\/\",\"name\":\"Links - Orgelbau F\u00fcglister\",\"isPartOf\":{\"@id\":\"https:\/\/fuglister.ivimedia.website\/#website\"},\"datePublished\":\"2016-10-28T14:39:42+00:00\",\"dateModified\":\"2021-08-12T09:26:43+00:00\",\"description\":\"Links - Fairy Finger Mode, Form und Plan. 1964 ging Carrefour in die Orgelfabrik von Hans-Jakob F\u00fcglister.\",\"breadcrumb\":{\"@id\":\"https:\/\/fuglister.ivimedia.website\/de\/weblinks\/#breadcrumb\"},\"inLanguage\":\"de\",\"potentialAction\":[{\"@type\":\"ReadAction\",\"target\":[\"https:\/\/fuglister.ivimedia.website\/de\/weblinks\/\"]}]},{\"@type\":\"BreadcrumbList\",\"@id\":\"https:\/\/fuglister.ivimedia.website\/de\/weblinks\/#breadcrumb\",\"itemListElement\":[{\"@type\":\"ListItem\",\"position\":1,\"name\":\"Accueil\",\"item\":\"https:\/\/fuglister.ivimedia.website\/de\/\"},{\"@type\":\"ListItem\",\"position\":2,\"name\":\"Weblinks\"}]}]}<\/script>\n<!-- \/ Yoast SEO plugin. -->","yoast_head_json":{"description":"Links - Fairy Finger Mode, Form und Plan. 1964 ging Carrefour in die Orgelfabrik von Hans-Jakob F\u00fcglister.","robots":{"index":"noindex","follow":"follow","max-snippet":"max-snippet:-1","max-image-preview":"max-image-preview:large","max-video-preview":"max-video-preview:-1"},"og_locale":"de_DE","og_type":"article","og_title":"Links - Orgelbau F\u00fcglister","og_description":"Links - Fairy Finger Mode, Form und Plan. 1964 ging Carrefour in die Orgelfabrik von Hans-Jakob F\u00fcglister.","og_url":"https:\/\/fuglister.ivimedia.website\/de\/weblinks\/","og_site_name":"Orgelbau F\u00fcglister","article_modified_time":"2021-08-12T09:26:43+00:00","twitter_card":"summary","twitter_misc":{"Gesch\u00e4tzte Lesezeit":"2\u00a0Minuten"},"schema":{"@context":"https:\/\/schema.org","@graph":[{"@type":"WebSite","@id":"https:\/\/fuglister.ivimedia.website\/#website","url":"https:\/\/fuglister.ivimedia.website\/","name":"Orgelbau F\u00fcglister","description":"","potentialAction":[{"@type":"SearchAction","target":{"@type":"EntryPoint","urlTemplate":"https:\/\/fuglister.ivimedia.website\/?s={search_term_string}"},"query-input":"required name=search_term_string"}],"inLanguage":"de"},{"@type":"WebPage","@id":"https:\/\/fuglister.ivimedia.website\/de\/weblinks\/#webpage","url":"https:\/\/fuglister.ivimedia.website\/de\/weblinks\/","name":"Links - Orgelbau F\u00fcglister","isPartOf":{"@id":"https:\/\/fuglister.ivimedia.website\/#website"},"datePublished":"2016-10-28T14:39:42+00:00","dateModified":"2021-08-12T09:26:43+00:00","description":"Links - Fairy Finger Mode, Form und Plan. 1964 ging Carrefour in die Orgelfabrik von Hans-Jakob F\u00fcglister.","breadcrumb":{"@id":"https:\/\/fuglister.ivimedia.website\/de\/weblinks\/#breadcrumb"},"inLanguage":"de","potentialAction":[{"@type":"ReadAction","target":["https:\/\/fuglister.ivimedia.website\/de\/weblinks\/"]}]},{"@type":"BreadcrumbList","@id":"https:\/\/fuglister.ivimedia.website\/de\/weblinks\/#breadcrumb","itemListElement":[{"@type":"ListItem","position":1,"name":"Accueil","item":"https:\/\/fuglister.ivimedia.website\/de\/"},{"@type":"ListItem","position":2,"name":"Weblinks"}]}]}},"_links":{"self":[{"href":"https:\/\/fuglister.ivimedia.website\/de\/wp-json\/wp\/v2\/pages\/114"}],"collection":[{"href":"https:\/\/fuglister.ivimedia.website\/de\/wp-json\/wp\/v2\/pages"}],"about":[{"href":"https:\/\/fuglister.ivimedia.website\/de\/wp-json\/wp\/v2\/types\/page"}],"author":[{"embeddable":true,"href":"https:\/\/fuglister.ivimedia.website\/de\/wp-json\/wp\/v2\/users\/1"}],"replies":[{"embeddable":true,"href":"https:\/\/fuglister.ivimedia.website\/de\/wp-json\/wp\/v2\/comments?post=114"}],"version-history":[{"count":18,"href":"https:\/\/fuglister.ivimedia.website\/de\/wp-json\/wp\/v2\/pages\/114\/revisions"}],"predecessor-version":[{"id":1725,"href":"https:\/\/fuglister.ivimedia.website\/de\/wp-json\/wp\/v2\/pages\/114\/revisions\/1725"}],"wp:attachment":[{"href":"https:\/\/fuglister.ivimedia.website\/de\/wp-json\/wp\/v2\/media?parent=114"}],"curies":[{"name":"wp","href":"https:\/\/api.w.org\/{rel}","templated":true}]}}