{"id":93,"date":"2016-10-28T15:39:31","date_gmt":"2016-10-28T13:39:31","guid":{"rendered":"http:\/\/www.fuglister-org.ch\/?page_id=93&#038;lang=en"},"modified":"2021-08-12T11:19:23","modified_gmt":"2021-08-12T09:19:23","slug":"homepage","status":"publish","type":"page","link":"https:\/\/fuglister.ivimedia.website\/en\/","title":{"rendered":"Homepage"},"content":{"rendered":"<p>[vc_row css=&#8221;.vc_custom_1477581316418{margin-top: 0px !important;}&#8221;][vc_column][rev_slider_vc alias=&#8221;accueil&#8221;][\/vc_column][\/vc_row][vc_row][vc_column][vc_separator color=&#8221;black&#8221; border_width=&#8221;2&#8243;][\/vc_column][\/vc_row][vc_row][vc_column width=&#8221;3\/6&#8243;][vc_column_text el_class=&#8221;titre&#8221;]<\/p>\n<h1 class=\"small\" style=\"line-height: 35px;\">ORGAN BUILDERS F\u00dcGLISTER<\/h1>\n<p>[\/vc_column_text][vc_column_text el_class=&#8221;titre_mini&#8221;]<\/p>\n<p style=\"text-align: left; line-height: 1.2;\"><span style=\"color: #339966;\">The fascinating and captivating world of the organ takes us to the heart of the history of art.<\/span><\/p>\n<p>[\/vc_column_text][vc_column_text]A perpetual confrontation with new challenges for the construction, restoration and maintenance of pipe organs according to tradition. <strong>Ancestral know-how<\/strong> which ensures the particular musical style, the taking into account of the technical and architectural aspects ensures to all mandates the respect and the seriousness which it deserves. The \u00a0Organ Builders F\u00fcglister S\u00e0rl, restores and maintains pipe organs according to <strong>classical traditions<\/strong>. The parts are manufactured, restored and assembled in its own workshops <strong>in Switzerland<\/strong>.[\/vc_column_text][\/vc_column][vc_column width=&#8221;1\/6&#8243;][\/vc_column][vc_column width=&#8221;2\/6&#8243;][vc_column_text]<\/p>\n<h2>CONTACT-US<\/h2>\n<p>&nbsp;<\/p>\n<hr \/>\n<p>Organ Builders F\u00fcglister S\u00e0rl<br \/>\nOrgelbau F\u00fcglister GmbH<br \/>\nCH-1971 Grimisuat<br \/>\nCase postale 128<\/p>\n<p>T\u00e9l. +41 27 398 24 36<br \/>\n<a href=\"mailto:info@fuglister-org.ch\">info@fuglister-org.ch<\/a>[\/vc_column_text][vc_widget_sidebar sidebar_id=&#8221;offcanvas-sidebar&#8221;][\/vc_column][\/vc_row]<\/p>\n","protected":false},"excerpt":{"rendered":"<p>[vc_row css=&#8221;.vc_custom_1477581316418{margin-top: 0px !important;}&#8221;][vc_column][rev_slider_vc alias=&#8221;accueil&#8221;][\/vc_column][\/vc_row][vc_row][vc_column][vc_separator color=&#8221;black&#8221; border_width=&#8221;2&#8243;][\/vc_column][\/vc_row][vc_row][vc_column width=&#8221;3\/6&#8243;][vc_column_text el_class=&#8221;titre&#8221;] ORGAN BUILDERS F\u00dcGLISTER [\/vc_column_text][vc_column_text el_class=&#8221;titre_mini&#8221;] The fascinating and captivating&#8230;<\/p>\n","protected":false},"author":1,"featured_media":0,"parent":0,"menu_order":0,"comment_status":"closed","ping_status":"closed","template":"","meta":{"_monsterinsights_skip_tracking":false,"_monsterinsights_sitenote_active":false,"_monsterinsights_sitenote_note":"","_monsterinsights_sitenote_category":0},"yoast_head":"<!-- This site is optimized with the Yoast SEO plugin v18.1 - https:\/\/yoast.com\/wordpress\/plugins\/seo\/ -->\n<meta name=\"description\" content=\"The Organ Builders F\u00fcglister S\u00e0rl, has been building, restoring and maintaining pipe organs according to classical traditions for decades\" \/>\n<meta name=\"robots\" content=\"noindex, follow, max-snippet:-1, max-image-preview:large, max-video-preview:-1\" \/>\n<meta property=\"og:locale\" content=\"en_US\" \/>\n<meta property=\"og:type\" content=\"article\" \/>\n<meta property=\"og:title\" content=\"Homepage -Organ Builders F\u00fcglister. - Ancestral know-how\" \/>\n<meta property=\"og:description\" content=\"The Organ Builders F\u00fcglister S\u00e0rl, has been building, restoring and maintaining pipe organs according to classical traditions for decades\" \/>\n<meta property=\"og:url\" content=\"https:\/\/fuglister.ivimedia.website\/en\/\" \/>\n<meta property=\"og:site_name\" content=\"The F\u00fcglister organ manufacture\" \/>\n<meta property=\"article:modified_time\" content=\"2021-08-12T09:19:23+00:00\" \/>\n<meta name=\"twitter:card\" content=\"summary\" \/>\n<meta name=\"twitter:label1\" content=\"Est. reading time\" \/>\n\t<meta name=\"twitter:data1\" content=\"1 minute\" \/>\n<script type=\"application\/ld+json\" class=\"yoast-schema-graph\">{\"@context\":\"https:\/\/schema.org\",\"@graph\":[{\"@type\":\"WebSite\",\"@id\":\"https:\/\/fuglister.ivimedia.website\/#website\",\"url\":\"https:\/\/fuglister.ivimedia.website\/\",\"name\":\"The F\u00fcglister organ manufacture\",\"description\":\"\",\"potentialAction\":[{\"@type\":\"SearchAction\",\"target\":{\"@type\":\"EntryPoint\",\"urlTemplate\":\"https:\/\/fuglister.ivimedia.website\/?s={search_term_string}\"},\"query-input\":\"required name=search_term_string\"}],\"inLanguage\":\"en-US\"},{\"@type\":\"WebPage\",\"@id\":\"https:\/\/fuglister.ivimedia.website\/en\/#webpage\",\"url\":\"https:\/\/fuglister.ivimedia.website\/en\/\",\"name\":\"Homepage -Organ Builders F\u00fcglister. - Ancestral know-how\",\"isPartOf\":{\"@id\":\"https:\/\/fuglister.ivimedia.website\/#website\"},\"datePublished\":\"2016-10-28T13:39:31+00:00\",\"dateModified\":\"2021-08-12T09:19:23+00:00\",\"description\":\"The Organ Builders F\u00fcglister S\u00e0rl, has been building, restoring and maintaining pipe organs according to classical traditions for decades\",\"breadcrumb\":{\"@id\":\"https:\/\/fuglister.ivimedia.website\/en\/#breadcrumb\"},\"inLanguage\":\"en-US\",\"potentialAction\":[{\"@type\":\"ReadAction\",\"target\":[\"https:\/\/fuglister.ivimedia.website\/en\/\"]}]},{\"@type\":\"BreadcrumbList\",\"@id\":\"https:\/\/fuglister.ivimedia.website\/en\/#breadcrumb\",\"itemListElement\":[{\"@type\":\"ListItem\",\"position\":1,\"name\":\"Accueil\",\"item\":\"https:\/\/fuglister.ivimedia.website\/en\/\"},{\"@type\":\"ListItem\",\"position\":2,\"name\":\"Homepage\"}]}]}<\/script>\n<!-- \/ Yoast SEO plugin. -->","yoast_head_json":{"description":"The Organ Builders F\u00fcglister S\u00e0rl, has been building, restoring and maintaining pipe organs according to classical traditions for decades","robots":{"index":"noindex","follow":"follow","max-snippet":"max-snippet:-1","max-image-preview":"max-image-preview:large","max-video-preview":"max-video-preview:-1"},"og_locale":"en_US","og_type":"article","og_title":"Homepage -Organ Builders F\u00fcglister. - Ancestral know-how","og_description":"The Organ Builders F\u00fcglister S\u00e0rl, has been building, restoring and maintaining pipe organs according to classical traditions for decades","og_url":"https:\/\/fuglister.ivimedia.website\/en\/","og_site_name":"The F\u00fcglister organ manufacture","article_modified_time":"2021-08-12T09:19:23+00:00","twitter_card":"summary","twitter_misc":{"Est. reading time":"1 minute"},"schema":{"@context":"https:\/\/schema.org","@graph":[{"@type":"WebSite","@id":"https:\/\/fuglister.ivimedia.website\/#website","url":"https:\/\/fuglister.ivimedia.website\/","name":"The F\u00fcglister organ manufacture","description":"","potentialAction":[{"@type":"SearchAction","target":{"@type":"EntryPoint","urlTemplate":"https:\/\/fuglister.ivimedia.website\/?s={search_term_string}"},"query-input":"required name=search_term_string"}],"inLanguage":"en-US"},{"@type":"WebPage","@id":"https:\/\/fuglister.ivimedia.website\/en\/#webpage","url":"https:\/\/fuglister.ivimedia.website\/en\/","name":"Homepage -Organ Builders F\u00fcglister. - Ancestral know-how","isPartOf":{"@id":"https:\/\/fuglister.ivimedia.website\/#website"},"datePublished":"2016-10-28T13:39:31+00:00","dateModified":"2021-08-12T09:19:23+00:00","description":"The Organ Builders F\u00fcglister S\u00e0rl, has been building, restoring and maintaining pipe organs according to classical traditions for decades","breadcrumb":{"@id":"https:\/\/fuglister.ivimedia.website\/en\/#breadcrumb"},"inLanguage":"en-US","potentialAction":[{"@type":"ReadAction","target":["https:\/\/fuglister.ivimedia.website\/en\/"]}]},{"@type":"BreadcrumbList","@id":"https:\/\/fuglister.ivimedia.website\/en\/#breadcrumb","itemListElement":[{"@type":"ListItem","position":1,"name":"Accueil","item":"https:\/\/fuglister.ivimedia.website\/en\/"},{"@type":"ListItem","position":2,"name":"Homepage"}]}]}},"_links":{"self":[{"href":"https:\/\/fuglister.ivimedia.website\/en\/wp-json\/wp\/v2\/pages\/93"}],"collection":[{"href":"https:\/\/fuglister.ivimedia.website\/en\/wp-json\/wp\/v2\/pages"}],"about":[{"href":"https:\/\/fuglister.ivimedia.website\/en\/wp-json\/wp\/v2\/types\/page"}],"author":[{"embeddable":true,"href":"https:\/\/fuglister.ivimedia.website\/en\/wp-json\/wp\/v2\/users\/1"}],"replies":[{"embeddable":true,"href":"https:\/\/fuglister.ivimedia.website\/en\/wp-json\/wp\/v2\/comments?post=93"}],"version-history":[{"count":14,"href":"https:\/\/fuglister.ivimedia.website\/en\/wp-json\/wp\/v2\/pages\/93\/revisions"}],"predecessor-version":[{"id":1718,"href":"https:\/\/fuglister.ivimedia.website\/en\/wp-json\/wp\/v2\/pages\/93\/revisions\/1718"}],"wp:attachment":[{"href":"https:\/\/fuglister.ivimedia.website\/en\/wp-json\/wp\/v2\/media?parent=93"}],"curies":[{"name":"wp","href":"https:\/\/api.w.org\/{rel}","templated":true}]}}