{"id":95,"date":"2016-10-28T15:45:53","date_gmt":"2016-10-28T13:45:53","guid":{"rendered":"http:\/\/www.fuglister-org.ch\/?page_id=95&#038;lang=en"},"modified":"2022-10-11T15:28:52","modified_gmt":"2022-10-11T13:28:52","slug":"company","status":"publish","type":"page","link":"https:\/\/fuglister.ivimedia.website\/en\/company\/","title":{"rendered":"Company"},"content":{"rendered":"<p>[vc_row][vc_column]<\/p>\n<p>[rev_slider_vc alias=&#8221;accueil&#8221;][vc_separator color=&#8221;black&#8221; border_width=&#8221;2&#8243;]<\/p>\n<p>[\/vc_column][\/vc_row][vc_row][vc_column width=&#8221;3\/6&#8243;][vc_column_text el_class=&#8221;titre&#8221;]<\/p>\n<p>A UNIQUE KNOW-HOW<\/p>\n<p>[\/vc_column_text][vc_column_text el_class=&#8221;titre_mini&#8221;]<\/p>\n<p style=\"text-align: left; line-height: 1.2;\" data-mce-style=\"text-align: left; line-height: 1.2;\">Founded in 1960 by Hans-Jakob F\u00fcglister and taken over in 2006 by his daughter Annette F\u00fcglister Sermier, the F\u00fcglister organ factory is based in Arbaz, Valais (Switzerland).<\/p>\n<p>[\/vc_column_text][vc_column_text]<\/p>\n<p>For decades, our family business has enjoyed an excellent national and international reputation in the restoration of old instruments and the construction of new organs. It is not by chance that we are located in the region of Switzerland with the most historic organs!<\/p>\n<p>In 2004 we had the honour of restoring the organ of the Val\u00e8re basilica in Sion (Switzerland), which is the oldest playable organ in the world!<\/p>\n<p>Currently, our activity includes the restoration of about 100 historical organs and as many new organs, installed throughout Switzerland.<\/p>\n<p>[\/vc_column_text][\/vc_column][vc_column width=&#8221;1\/6&#8243;][\/vc_column][vc_column width=&#8221;2\/6&#8243;][vc_column_text]<\/p>\n<h2>CONTACT US<\/h2>\n<hr>\n<p>Manufacture d&#8217;orgues F\u00fcglister S\u00e0rl<br \/>Orgelbau F\u00fcglister GmbH<br \/>Case postale 128<br \/>CH-1971 Grimisuat<\/p>\n<p>T\u00e9l. +41 27 398 24 36<br \/><a href=\"mailto:info@fuglister-org.ch\" data-mce-href=\"mailto:info@fuglister-org.ch\">info@fuglister-org.ch<\/a><\/p>\n<p>[\/vc_column_text][vc_widget_sidebar sidebar_id=&#8221;offcanvas-sidebar&#8221;][\/vc_column][\/vc_row][vc_row][vc_column width=&#8221;6\/12&#8243;][vc_column_text]<\/p>\n<p>We master the entire process of instrument restoration. If necessary, we manufacture the damaged or replacement parts. It is a real privilege to be able to offer our customers this added value.<\/p>\n<p>We attach particular importance to the expertise of our staff in the areas of mechanics, cabinet making, leather work, voicing and tuning. These qualities are the guarantee of the excellence of our services.<\/p>\n<p>Find our achievements under Organs<\/p>\n<p>Among the achievements of the F\u00fcglister organ factory, we can highlight the following:<\/p>\n<p>[\/vc_column_text][vc_column_text]<\/p>\n<p>New organs: in 2007, construction of a new instrument in Kagoshima (Japan), in 2001, the organ of the Pasquart in Bienne, in 1994, the organ of the church of the college of Brig&#8230;<br \/>Restoration of organs in Basel (museum of historical instruments), Biel, Bosco Gurin, K\u00f6niz, Martigny-Ville, Morcote, M\u00fcnster, Reckingen (Pfarrkirche and chapel of Saint-Antoine), Saint-Ursanne, Stans, Val\u00e8re and Vouvry&#8230;<\/p>\n<p>[\/vc_column_text][\/vc_column][\/vc_row]<\/p>\n","protected":false},"excerpt":{"rendered":"<p>[vc_row][vc_column] [rev_slider_vc alias=&#8221;accueil&#8221;][vc_separator color=&#8221;black&#8221; border_width=&#8221;2&#8243;] [\/vc_column][\/vc_row][vc_row][vc_column width=&#8221;3\/6&#8243;][vc_column_text el_class=&#8221;titre&#8221;] A UNIQUE KNOW-HOW [\/vc_column_text][vc_column_text el_class=&#8221;titre_mini&#8221;] Founded in 1960 by Hans-Jakob&#8230;<\/p>\n","protected":false},"author":1,"featured_media":0,"parent":0,"menu_order":0,"comment_status":"closed","ping_status":"closed","template":"","meta":{"_monsterinsights_skip_tracking":false,"_monsterinsights_sitenote_active":false,"_monsterinsights_sitenote_note":"","_monsterinsights_sitenote_category":0},"yoast_head":"<!-- This site is optimized with the Yoast SEO plugin v18.1 - https:\/\/yoast.com\/wordpress\/plugins\/seo\/ -->\n<meta name=\"description\" content=\"Our company has a national and international reputation in the restoration of old instruments and the construction of new organs.\" \/>\n<meta name=\"robots\" content=\"noindex, follow, max-snippet:-1, max-image-preview:large, max-video-preview:-1\" \/>\n<meta property=\"og:locale\" content=\"en_US\" \/>\n<meta property=\"og:type\" content=\"article\" \/>\n<meta property=\"og:title\" content=\"Company - The F\u00fcglister organ manufacture\" \/>\n<meta property=\"og:description\" content=\"Our company has a national and international reputation in the restoration of old instruments and the construction of new organs.\" \/>\n<meta property=\"og:url\" content=\"https:\/\/fuglister.ivimedia.website\/en\/company\/\" \/>\n<meta property=\"og:site_name\" content=\"The F\u00fcglister organ manufacture\" \/>\n<meta property=\"article:modified_time\" content=\"2022-10-11T13:28:52+00:00\" \/>\n<meta name=\"twitter:card\" content=\"summary\" \/>\n<meta name=\"twitter:label1\" content=\"Est. reading time\" \/>\n\t<meta name=\"twitter:data1\" content=\"2 minutes\" \/>\n<script type=\"application\/ld+json\" class=\"yoast-schema-graph\">{\"@context\":\"https:\/\/schema.org\",\"@graph\":[{\"@type\":\"WebSite\",\"@id\":\"https:\/\/fuglister.ivimedia.website\/#website\",\"url\":\"https:\/\/fuglister.ivimedia.website\/\",\"name\":\"The F\u00fcglister organ manufacture\",\"description\":\"\",\"potentialAction\":[{\"@type\":\"SearchAction\",\"target\":{\"@type\":\"EntryPoint\",\"urlTemplate\":\"https:\/\/fuglister.ivimedia.website\/?s={search_term_string}\"},\"query-input\":\"required name=search_term_string\"}],\"inLanguage\":\"en-US\"},{\"@type\":\"WebPage\",\"@id\":\"https:\/\/fuglister.ivimedia.website\/en\/company\/#webpage\",\"url\":\"https:\/\/fuglister.ivimedia.website\/en\/company\/\",\"name\":\"Company - The F\u00fcglister organ manufacture\",\"isPartOf\":{\"@id\":\"https:\/\/fuglister.ivimedia.website\/#website\"},\"datePublished\":\"2016-10-28T13:45:53+00:00\",\"dateModified\":\"2022-10-11T13:28:52+00:00\",\"description\":\"Our company has a national and international reputation in the restoration of old instruments and the construction of new organs.\",\"breadcrumb\":{\"@id\":\"https:\/\/fuglister.ivimedia.website\/en\/company\/#breadcrumb\"},\"inLanguage\":\"en-US\",\"potentialAction\":[{\"@type\":\"ReadAction\",\"target\":[\"https:\/\/fuglister.ivimedia.website\/en\/company\/\"]}]},{\"@type\":\"BreadcrumbList\",\"@id\":\"https:\/\/fuglister.ivimedia.website\/en\/company\/#breadcrumb\",\"itemListElement\":[{\"@type\":\"ListItem\",\"position\":1,\"name\":\"Accueil\",\"item\":\"https:\/\/fuglister.ivimedia.website\/en\/\"},{\"@type\":\"ListItem\",\"position\":2,\"name\":\"Company\"}]}]}<\/script>\n<!-- \/ Yoast SEO plugin. -->","yoast_head_json":{"description":"Our company has a national and international reputation in the restoration of old instruments and the construction of new organs.","robots":{"index":"noindex","follow":"follow","max-snippet":"max-snippet:-1","max-image-preview":"max-image-preview:large","max-video-preview":"max-video-preview:-1"},"og_locale":"en_US","og_type":"article","og_title":"Company - The F\u00fcglister organ manufacture","og_description":"Our company has a national and international reputation in the restoration of old instruments and the construction of new organs.","og_url":"https:\/\/fuglister.ivimedia.website\/en\/company\/","og_site_name":"The F\u00fcglister organ manufacture","article_modified_time":"2022-10-11T13:28:52+00:00","twitter_card":"summary","twitter_misc":{"Est. reading time":"2 minutes"},"schema":{"@context":"https:\/\/schema.org","@graph":[{"@type":"WebSite","@id":"https:\/\/fuglister.ivimedia.website\/#website","url":"https:\/\/fuglister.ivimedia.website\/","name":"The F\u00fcglister organ manufacture","description":"","potentialAction":[{"@type":"SearchAction","target":{"@type":"EntryPoint","urlTemplate":"https:\/\/fuglister.ivimedia.website\/?s={search_term_string}"},"query-input":"required name=search_term_string"}],"inLanguage":"en-US"},{"@type":"WebPage","@id":"https:\/\/fuglister.ivimedia.website\/en\/company\/#webpage","url":"https:\/\/fuglister.ivimedia.website\/en\/company\/","name":"Company - The F\u00fcglister organ manufacture","isPartOf":{"@id":"https:\/\/fuglister.ivimedia.website\/#website"},"datePublished":"2016-10-28T13:45:53+00:00","dateModified":"2022-10-11T13:28:52+00:00","description":"Our company has a national and international reputation in the restoration of old instruments and the construction of new organs.","breadcrumb":{"@id":"https:\/\/fuglister.ivimedia.website\/en\/company\/#breadcrumb"},"inLanguage":"en-US","potentialAction":[{"@type":"ReadAction","target":["https:\/\/fuglister.ivimedia.website\/en\/company\/"]}]},{"@type":"BreadcrumbList","@id":"https:\/\/fuglister.ivimedia.website\/en\/company\/#breadcrumb","itemListElement":[{"@type":"ListItem","position":1,"name":"Accueil","item":"https:\/\/fuglister.ivimedia.website\/en\/"},{"@type":"ListItem","position":2,"name":"Company"}]}]}},"_links":{"self":[{"href":"https:\/\/fuglister.ivimedia.website\/en\/wp-json\/wp\/v2\/pages\/95"}],"collection":[{"href":"https:\/\/fuglister.ivimedia.website\/en\/wp-json\/wp\/v2\/pages"}],"about":[{"href":"https:\/\/fuglister.ivimedia.website\/en\/wp-json\/wp\/v2\/types\/page"}],"author":[{"embeddable":true,"href":"https:\/\/fuglister.ivimedia.website\/en\/wp-json\/wp\/v2\/users\/1"}],"replies":[{"embeddable":true,"href":"https:\/\/fuglister.ivimedia.website\/en\/wp-json\/wp\/v2\/comments?post=95"}],"version-history":[{"count":38,"href":"https:\/\/fuglister.ivimedia.website\/en\/wp-json\/wp\/v2\/pages\/95\/revisions"}],"predecessor-version":[{"id":2435,"href":"https:\/\/fuglister.ivimedia.website\/en\/wp-json\/wp\/v2\/pages\/95\/revisions\/2435"}],"wp:attachment":[{"href":"https:\/\/fuglister.ivimedia.website\/en\/wp-json\/wp\/v2\/media?parent=95"}],"curies":[{"name":"wp","href":"https:\/\/api.w.org\/{rel}","templated":true}]}}